{"id":465,"date":"2020-04-26T13:45:04","date_gmt":"2020-04-26T11:45:04","guid":{"rendered":"http:\/\/www.alfapoland.pl\/?page_id=465"},"modified":"2020-07-18T14:47:28","modified_gmt":"2020-07-18T12:47:28","slug":"contact","status":"publish","type":"page","link":"https:\/\/www.alfapoland.pl\/en\/contact\/","title":{"rendered":"Contact"},"content":{"rendered":"\n<p><strong><strong>Administration office<\/strong><\/strong><br>ALFA POLAND Sp. z o. o.<br>ul. Gra\u017cy\u0144skiego 141<br>43-300 Bielsko-Bia\u0142a, Poland<br>NIP 9451531922<\/p>\n\n\n\n<p><strong>Executive office| Human resources | Commercial department<\/strong><br><strong>Technical department | Production department<\/strong><br>ul. W\u0119glowa 59<br>43-300 Bielsko-Bia\u0142a, Poland<br>tel. +48 33 488 55 00<br>fax. +48 33 488 55 01<br><a href=\"mailto: alfapoland@alfapoland.pl\">alfapoland@alfapoland.pl<\/a>       <\/p>\n","protected":false},"excerpt":{"rendered":"<p>Administration officeALFA POLAND Sp. z o. o.ul. Gra\u017cy\u0144skiego 14143-300 Bielsko-Bia\u0142a, PolandNIP 9451531922 Executive office| Human resources | Commercial departmentTechnical department | Production departmentul. W\u0119glowa 5943-300 Bielsko-Bia\u0142a, Polandtel. +48 33 488 55 00fax. +48 33 488 55 01alfapoland@alfapoland.pl<\/p>\n","protected":false},"author":1,"featured_media":0,"parent":0,"menu_order":0,"comment_status":"closed","ping_status":"closed","template":"","meta":{"_acf_changed":false,"footnotes":""},"class_list":["post-465","page","type-page","status-publish","hentry"],"acf":[],"yoast_head":"<!-- This site is optimized with the Yoast SEO plugin v25.4 - https:\/\/yoast.com\/wordpress\/plugins\/seo\/ -->\n<title>Contact - Alfa Poland<\/title>\n<meta name=\"robots\" content=\"index, follow, max-snippet:-1, max-image-preview:large, max-video-preview:-1\" \/>\n<link rel=\"canonical\" href=\"https:\/\/www.alfapoland.pl\/en\/contact\/\" \/>\n<meta property=\"og:locale\" content=\"en_US\" \/>\n<meta property=\"og:type\" content=\"article\" \/>\n<meta property=\"og:title\" content=\"Contact - Alfa Poland\" \/>\n<meta property=\"og:description\" content=\"Administration officeALFA POLAND Sp. z o. o.ul. Gra\u017cy\u0144skiego 14143-300 Bielsko-Bia\u0142a, PolandNIP 9451531922 Executive office| Human resources | Commercial departmentTechnical department | Production departmentul. W\u0119glowa 5943-300 Bielsko-Bia\u0142a, Polandtel. +48 33 488 55 00fax. +48 33 488 55 01alfapoland@alfapoland.pl\" \/>\n<meta property=\"og:url\" content=\"https:\/\/www.alfapoland.pl\/en\/contact\/\" \/>\n<meta property=\"og:site_name\" content=\"Alfa Poland\" \/>\n<meta property=\"article:modified_time\" content=\"2020-07-18T12:47:28+00:00\" \/>\n<meta name=\"twitter:card\" content=\"summary_large_image\" \/>\n<script type=\"application\/ld+json\" class=\"yoast-schema-graph\">{\"@context\":\"https:\/\/schema.org\",\"@graph\":[{\"@type\":\"WebPage\",\"@id\":\"https:\/\/www.alfapoland.pl\/en\/contact\/\",\"url\":\"https:\/\/www.alfapoland.pl\/en\/contact\/\",\"name\":\"Contact - Alfa Poland\",\"isPartOf\":{\"@id\":\"https:\/\/www.alfapoland.pl\/#website\"},\"datePublished\":\"2020-04-26T11:45:04+00:00\",\"dateModified\":\"2020-07-18T12:47:28+00:00\",\"inLanguage\":\"en-US\",\"potentialAction\":[{\"@type\":\"ReadAction\",\"target\":[\"https:\/\/www.alfapoland.pl\/en\/contact\/\"]}]},{\"@type\":\"WebSite\",\"@id\":\"https:\/\/www.alfapoland.pl\/#website\",\"url\":\"https:\/\/www.alfapoland.pl\/\",\"name\":\"Alfa Poland\",\"description\":\"\",\"potentialAction\":[{\"@type\":\"SearchAction\",\"target\":{\"@type\":\"EntryPoint\",\"urlTemplate\":\"https:\/\/www.alfapoland.pl\/?s={search_term_string}\"},\"query-input\":{\"@type\":\"PropertyValueSpecification\",\"valueRequired\":true,\"valueName\":\"search_term_string\"}}],\"inLanguage\":\"en-US\"}]}<\/script>\n<!-- \/ Yoast SEO plugin. -->","yoast_head_json":{"title":"Contact - Alfa Poland","robots":{"index":"index","follow":"follow","max-snippet":"max-snippet:-1","max-image-preview":"max-image-preview:large","max-video-preview":"max-video-preview:-1"},"canonical":"https:\/\/www.alfapoland.pl\/en\/contact\/","og_locale":"en_US","og_type":"article","og_title":"Contact - Alfa Poland","og_description":"Administration officeALFA POLAND Sp. z o. o.ul. Gra\u017cy\u0144skiego 14143-300 Bielsko-Bia\u0142a, PolandNIP 9451531922 Executive office| Human resources | Commercial departmentTechnical department | Production departmentul. W\u0119glowa 5943-300 Bielsko-Bia\u0142a, Polandtel. +48 33 488 55 00fax. +48 33 488 55 01alfapoland@alfapoland.pl","og_url":"https:\/\/www.alfapoland.pl\/en\/contact\/","og_site_name":"Alfa Poland","article_modified_time":"2020-07-18T12:47:28+00:00","twitter_card":"summary_large_image","schema":{"@context":"https:\/\/schema.org","@graph":[{"@type":"WebPage","@id":"https:\/\/www.alfapoland.pl\/en\/contact\/","url":"https:\/\/www.alfapoland.pl\/en\/contact\/","name":"Contact - Alfa Poland","isPartOf":{"@id":"https:\/\/www.alfapoland.pl\/#website"},"datePublished":"2020-04-26T11:45:04+00:00","dateModified":"2020-07-18T12:47:28+00:00","inLanguage":"en-US","potentialAction":[{"@type":"ReadAction","target":["https:\/\/www.alfapoland.pl\/en\/contact\/"]}]},{"@type":"WebSite","@id":"https:\/\/www.alfapoland.pl\/#website","url":"https:\/\/www.alfapoland.pl\/","name":"Alfa Poland","description":"","potentialAction":[{"@type":"SearchAction","target":{"@type":"EntryPoint","urlTemplate":"https:\/\/www.alfapoland.pl\/?s={search_term_string}"},"query-input":{"@type":"PropertyValueSpecification","valueRequired":true,"valueName":"search_term_string"}}],"inLanguage":"en-US"}]}},"_links":{"self":[{"href":"https:\/\/www.alfapoland.pl\/en\/wp-json\/wp\/v2\/pages\/465","targetHints":{"allow":["GET"]}}],"collection":[{"href":"https:\/\/www.alfapoland.pl\/en\/wp-json\/wp\/v2\/pages"}],"about":[{"href":"https:\/\/www.alfapoland.pl\/en\/wp-json\/wp\/v2\/types\/page"}],"author":[{"embeddable":true,"href":"https:\/\/www.alfapoland.pl\/en\/wp-json\/wp\/v2\/users\/1"}],"replies":[{"embeddable":true,"href":"https:\/\/www.alfapoland.pl\/en\/wp-json\/wp\/v2\/comments?post=465"}],"version-history":[{"count":4,"href":"https:\/\/www.alfapoland.pl\/en\/wp-json\/wp\/v2\/pages\/465\/revisions"}],"predecessor-version":[{"id":801,"href":"https:\/\/www.alfapoland.pl\/en\/wp-json\/wp\/v2\/pages\/465\/revisions\/801"}],"wp:attachment":[{"href":"https:\/\/www.alfapoland.pl\/en\/wp-json\/wp\/v2\/media?parent=465"}],"curies":[{"name":"wp","href":"https:\/\/api.w.org\/{rel}","templated":true}]}}