{"id":481,"date":"2020-04-26T14:07:21","date_gmt":"2020-04-26T12:07:21","guid":{"rendered":"http:\/\/www.alfapoland.pl\/?page_id=481"},"modified":"2020-07-27T10:24:39","modified_gmt":"2020-07-27T08:24:39","slug":"contatti","status":"publish","type":"page","link":"https:\/\/www.alfapoland.pl\/it\/contatti\/","title":{"rendered":"Contatti"},"content":{"rendered":"\n<p><strong>Sede amministrativa<\/strong><br>ALFA POLAND Sp. z o. o.<br>ul. Gra\u017cy\u0144skiego 141<br>43-300 Bielsko-Bia\u0142a, Polska<br>NIP 9451531922<\/p>\n\n\n\n<p><strong>Direzione | Ente Personale | Ente Commerciale<\/strong><br><strong>Ente Tecnico | Produzione<\/strong><br>ul. W\u0119glowa 59<br>43-300 Bielsko-Bia\u0142a, Polska<br>tel. +48 33 488 55 00<br>fax. +48 33 488 55 01<br><a href=\"mailto: alfapoland@alfapoland.pl\">alfapoland@alfapoland.pl<\/a>       <\/p>\n","protected":false},"excerpt":{"rendered":"<p>Sede amministrativaALFA POLAND Sp. z o. o.ul. Gra\u017cy\u0144skiego 14143-300 Bielsko-Bia\u0142a, PolskaNIP 9451531922 Direzione | Ente Personale | Ente CommercialeEnte Tecnico | Produzioneul. W\u0119glowa 5943-300 Bielsko-Bia\u0142a, Polskatel. +48 33 488 55 00fax. +48 33 488 55 01alfapoland@alfapoland.pl<\/p>\n","protected":false},"author":1,"featured_media":0,"parent":0,"menu_order":0,"comment_status":"closed","ping_status":"closed","template":"","meta":{"_acf_changed":false,"footnotes":""},"class_list":["post-481","page","type-page","status-publish","hentry"],"acf":[],"yoast_head":"<!-- This site is optimized with the Yoast SEO plugin v25.4 - https:\/\/yoast.com\/wordpress\/plugins\/seo\/ -->\n<title>Contatti - Alfa Poland<\/title>\n<meta name=\"robots\" content=\"index, follow, max-snippet:-1, max-image-preview:large, max-video-preview:-1\" \/>\n<link rel=\"canonical\" href=\"https:\/\/www.alfapoland.pl\/it\/contatti\/\" \/>\n<meta property=\"og:locale\" content=\"it_IT\" \/>\n<meta property=\"og:type\" content=\"article\" \/>\n<meta property=\"og:title\" content=\"Contatti - Alfa Poland\" \/>\n<meta property=\"og:description\" content=\"Sede amministrativaALFA POLAND Sp. z o. o.ul. Gra\u017cy\u0144skiego 14143-300 Bielsko-Bia\u0142a, PolskaNIP 9451531922 Direzione | Ente Personale | Ente CommercialeEnte Tecnico | Produzioneul. W\u0119glowa 5943-300 Bielsko-Bia\u0142a, Polskatel. +48 33 488 55 00fax. +48 33 488 55 01alfapoland@alfapoland.pl\" \/>\n<meta property=\"og:url\" content=\"https:\/\/www.alfapoland.pl\/it\/contatti\/\" \/>\n<meta property=\"og:site_name\" content=\"Alfa Poland\" \/>\n<meta property=\"article:modified_time\" content=\"2020-07-27T08:24:39+00:00\" \/>\n<meta name=\"twitter:card\" content=\"summary_large_image\" \/>\n<script type=\"application\/ld+json\" class=\"yoast-schema-graph\">{\"@context\":\"https:\/\/schema.org\",\"@graph\":[{\"@type\":\"WebPage\",\"@id\":\"https:\/\/www.alfapoland.pl\/it\/contatti\/\",\"url\":\"https:\/\/www.alfapoland.pl\/it\/contatti\/\",\"name\":\"Contatti - Alfa Poland\",\"isPartOf\":{\"@id\":\"https:\/\/www.alfapoland.pl\/#website\"},\"datePublished\":\"2020-04-26T12:07:21+00:00\",\"dateModified\":\"2020-07-27T08:24:39+00:00\",\"inLanguage\":\"it-IT\",\"potentialAction\":[{\"@type\":\"ReadAction\",\"target\":[\"https:\/\/www.alfapoland.pl\/it\/contatti\/\"]}]},{\"@type\":\"WebSite\",\"@id\":\"https:\/\/www.alfapoland.pl\/#website\",\"url\":\"https:\/\/www.alfapoland.pl\/\",\"name\":\"Alfa Poland\",\"description\":\"\",\"potentialAction\":[{\"@type\":\"SearchAction\",\"target\":{\"@type\":\"EntryPoint\",\"urlTemplate\":\"https:\/\/www.alfapoland.pl\/?s={search_term_string}\"},\"query-input\":{\"@type\":\"PropertyValueSpecification\",\"valueRequired\":true,\"valueName\":\"search_term_string\"}}],\"inLanguage\":\"it-IT\"}]}<\/script>\n<!-- \/ Yoast SEO plugin. -->","yoast_head_json":{"title":"Contatti - Alfa Poland","robots":{"index":"index","follow":"follow","max-snippet":"max-snippet:-1","max-image-preview":"max-image-preview:large","max-video-preview":"max-video-preview:-1"},"canonical":"https:\/\/www.alfapoland.pl\/it\/contatti\/","og_locale":"it_IT","og_type":"article","og_title":"Contatti - Alfa Poland","og_description":"Sede amministrativaALFA POLAND Sp. z o. o.ul. Gra\u017cy\u0144skiego 14143-300 Bielsko-Bia\u0142a, PolskaNIP 9451531922 Direzione | Ente Personale | Ente CommercialeEnte Tecnico | Produzioneul. W\u0119glowa 5943-300 Bielsko-Bia\u0142a, Polskatel. +48 33 488 55 00fax. +48 33 488 55 01alfapoland@alfapoland.pl","og_url":"https:\/\/www.alfapoland.pl\/it\/contatti\/","og_site_name":"Alfa Poland","article_modified_time":"2020-07-27T08:24:39+00:00","twitter_card":"summary_large_image","schema":{"@context":"https:\/\/schema.org","@graph":[{"@type":"WebPage","@id":"https:\/\/www.alfapoland.pl\/it\/contatti\/","url":"https:\/\/www.alfapoland.pl\/it\/contatti\/","name":"Contatti - Alfa Poland","isPartOf":{"@id":"https:\/\/www.alfapoland.pl\/#website"},"datePublished":"2020-04-26T12:07:21+00:00","dateModified":"2020-07-27T08:24:39+00:00","inLanguage":"it-IT","potentialAction":[{"@type":"ReadAction","target":["https:\/\/www.alfapoland.pl\/it\/contatti\/"]}]},{"@type":"WebSite","@id":"https:\/\/www.alfapoland.pl\/#website","url":"https:\/\/www.alfapoland.pl\/","name":"Alfa Poland","description":"","potentialAction":[{"@type":"SearchAction","target":{"@type":"EntryPoint","urlTemplate":"https:\/\/www.alfapoland.pl\/?s={search_term_string}"},"query-input":{"@type":"PropertyValueSpecification","valueRequired":true,"valueName":"search_term_string"}}],"inLanguage":"it-IT"}]}},"_links":{"self":[{"href":"https:\/\/www.alfapoland.pl\/it\/wp-json\/wp\/v2\/pages\/481","targetHints":{"allow":["GET"]}}],"collection":[{"href":"https:\/\/www.alfapoland.pl\/it\/wp-json\/wp\/v2\/pages"}],"about":[{"href":"https:\/\/www.alfapoland.pl\/it\/wp-json\/wp\/v2\/types\/page"}],"author":[{"embeddable":true,"href":"https:\/\/www.alfapoland.pl\/it\/wp-json\/wp\/v2\/users\/1"}],"replies":[{"embeddable":true,"href":"https:\/\/www.alfapoland.pl\/it\/wp-json\/wp\/v2\/comments?post=481"}],"version-history":[{"count":2,"href":"https:\/\/www.alfapoland.pl\/it\/wp-json\/wp\/v2\/pages\/481\/revisions"}],"predecessor-version":[{"id":843,"href":"https:\/\/www.alfapoland.pl\/it\/wp-json\/wp\/v2\/pages\/481\/revisions\/843"}],"wp:attachment":[{"href":"https:\/\/www.alfapoland.pl\/it\/wp-json\/wp\/v2\/media?parent=481"}],"curies":[{"name":"wp","href":"https:\/\/api.w.org\/{rel}","templated":true}]}}