{"id":680,"date":"2020-07-03T10:36:54","date_gmt":"2020-07-03T08:36:54","guid":{"rendered":"http:\/\/www.alfapoland.pl\/rodo\/"},"modified":"2020-07-18T11:49:03","modified_gmt":"2020-07-18T09:49:03","slug":"rodo","status":"publish","type":"page","link":"https:\/\/www.alfapoland.pl\/it\/rodo\/","title":{"rendered":"Clausola informativa GDPR"},"content":{"rendered":"\n<p>Sulla base del Regolamento (UE) 2016\/679 del Parlamento Europeo e del Consiglio del 27 aprile 2016 relativo alla protezione delle persone fisiche con riguardo al trattamento dei dati personal, nonche\u2019 alla libera circolazione d tali dati e che abroga la direttiva 95\/46\/CE (RODO), qualora i dati personali siano raccolti presso l\u2019interessato, Vi informiamo che:<\/p>\n\n\n\n<p>1. Il Titolare del trattamento dei Suoi dati personale e\u2019 la societa\u2019 ALFA POLAND a responsabilita\u2019 limitata con sede in Bielsko-Bia\u0142a, via Gra\u017cy\u0144skiego 141, 43-300 Bielsko-Bia\u0142a, iscritta sotto il numero KRS 0000146163 nel Registro degli Imprenditori tenuto presso il Tribunale Ordinario di Bielsko-Bia\u0142a, VIII Sezione Economica del Registro Nazionale Giudiziario, REGON: 351196860, NIP: 945-153-19-22, indirizzo per la corrispondenza: via Gra\u017cy\u0144skiego 141, telefono: 33\u00a04885500. <\/p>\n\n\n\n<p>2. Per le questioni inerenti al trattamento dei dati personali, si prega di contattare il seguente indirizzo email: alfapoland@alfapoland.pl <\/p>\n\n\n\n<p>3. I Suoi dati personali saranno trattati per le seguenti finalita\u2019: <br> a)  stipulazione ed esecuzione di contratto \u00a0\u00a0-sulla base dell\u2019art. 6 c. 1 let. a o b RODO<br> b)  emissione di fattura o quietanza, gestione di reportistica finanziaria \u2013 sulla base dell\u2019art. 6 c.1 let. c RODO<br> c)  perseguimento del legittimo interesse del titolare del trattamento nell\u2019esecuzione di contratto \u2013 sulla base dell\u2019 art. 6 c.1 let. f RODO<br> d)  realizzazione di marketing di propri servizi e prodotti \u00a0&#8211; sulla base dell\u2019art. 6 c. 1 let. a lub lit. f RODO<\/p>\n\n\n\n<p>4. I destinatari dei Suoi dati personali possono essere: soggetti o autorita\u2019 autorizzate al trattamento dei dati personali sulla base delle prescrizioni di legge, banche, operatori postali, soggetti partecipanti all\u2019esecuzione di contratto \u2013 fornitori e subfornitori del Titolare.<\/p>\n\n\n\n<p>5. I Suoi dati personali saranno conservati fino al momento della dessazione dell\u2019obbligo di conservazione dei dati previsto dalla legge , o fino al momento di prescrizione di pretese derivanti dal contratto stipulato. I dati trattati per finalita\u2019 di marketing sono conservati entro la revoca del consenso o l\u2019opposizione o la richiesta di cessazione di trattamento dei dati per le suddette finalita\u2019.<\/p>\n\n\n\n<p>6. In casi determinati\u00a0 dal RODO e secondo le regole ivi descritte, Lei ha diritto di:<br> a. chiedere al Titolare del trattamento l\u2019accesso ai dati personali,<br> b. rettificare, cancellare o limitera il trattamento, <br> c. opporsi al trattamento dei dati,<br> d. diritto alla portabilita\u2019 dei dati,<br> e. diritto di revocare il consenso al trattamento dei dati in qualsiasi momento senza pregiudicare la liceita\u2019 del trattamento basata sul consenso prestato prima della revoca (qualora i dati siano trattati sulla base del consenso), <br> f. diritto di proporre reclamo \u00a0a un\u2019autorita\u2019 di controllo,<br> g.  diritto di chiedere al Titolare del trattamento l\u2019accesso ai dati personali.<\/p>\n\n\n\n<p>7. I Suoi dati non saranno soggetti a processo decisionale automatizzato,compresa la profilazione da parte del Titolare del trattamento.<\/p>\n\n\n\n<p>8. La comunicazione dei dati personali da parte Sua ha carattere facoltativo, comunque, la mancata comunicazione dei dati richiesti dal Titolare del trattamento puo\u2019 pregiudicare la possibilita\u2019 &nbsp;di stipulazione o esecuzione di contratto.<\/p>\n","protected":false},"excerpt":{"rendered":"<p>Sulla base del Regolamento (UE) 2016\/679 del Parlamento Europeo e del Consiglio del 27 aprile 2016 relativo alla protezione delle persone fisiche con riguardo al trattamento dei dati personal, nonche\u2019 alla libera circolazione d tali dati e che abroga la direttiva 95\/46\/CE (RODO), qualora i dati personali siano raccolti presso l\u2019interessato, Vi informiamo che: 1. [&hellip;]<\/p>\n","protected":false},"author":1,"featured_media":0,"parent":0,"menu_order":0,"comment_status":"closed","ping_status":"open","template":"","meta":{"_acf_changed":false,"footnotes":""},"class_list":["post-680","page","type-page","status-publish","hentry"],"acf":[],"yoast_head":"<!-- This site is optimized with the Yoast SEO plugin v25.4 - https:\/\/yoast.com\/wordpress\/plugins\/seo\/ -->\n<title>Clausola informativa GDPR - Alfa Poland<\/title>\n<meta name=\"robots\" content=\"index, follow, max-snippet:-1, max-image-preview:large, max-video-preview:-1\" \/>\n<link rel=\"canonical\" href=\"https:\/\/www.alfapoland.pl\/it\/rodo\/\" \/>\n<meta property=\"og:locale\" content=\"it_IT\" \/>\n<meta property=\"og:type\" content=\"article\" \/>\n<meta property=\"og:title\" content=\"Clausola informativa GDPR - Alfa Poland\" \/>\n<meta property=\"og:description\" content=\"Sulla base del Regolamento (UE) 2016\/679 del Parlamento Europeo e del Consiglio del 27 aprile 2016 relativo alla protezione delle persone fisiche con riguardo al trattamento dei dati personal, nonche\u2019 alla libera circolazione d tali dati e che abroga la direttiva 95\/46\/CE (RODO), qualora i dati personali siano raccolti presso l\u2019interessato, Vi informiamo che: 1. [&hellip;]\" \/>\n<meta property=\"og:url\" content=\"https:\/\/www.alfapoland.pl\/it\/rodo\/\" \/>\n<meta property=\"og:site_name\" content=\"Alfa Poland\" \/>\n<meta property=\"article:modified_time\" content=\"2020-07-18T09:49:03+00:00\" \/>\n<meta name=\"twitter:card\" content=\"summary_large_image\" \/>\n<meta name=\"twitter:label1\" content=\"Tempo di lettura stimato\" \/>\n\t<meta name=\"twitter:data1\" content=\"2 minuti\" \/>\n<script type=\"application\/ld+json\" class=\"yoast-schema-graph\">{\"@context\":\"https:\/\/schema.org\",\"@graph\":[{\"@type\":\"WebPage\",\"@id\":\"https:\/\/www.alfapoland.pl\/it\/rodo\/\",\"url\":\"https:\/\/www.alfapoland.pl\/it\/rodo\/\",\"name\":\"Clausola informativa GDPR - Alfa Poland\",\"isPartOf\":{\"@id\":\"https:\/\/www.alfapoland.pl\/#website\"},\"datePublished\":\"2020-07-03T08:36:54+00:00\",\"dateModified\":\"2020-07-18T09:49:03+00:00\",\"inLanguage\":\"it-IT\",\"potentialAction\":[{\"@type\":\"ReadAction\",\"target\":[\"https:\/\/www.alfapoland.pl\/it\/rodo\/\"]}]},{\"@type\":\"WebSite\",\"@id\":\"https:\/\/www.alfapoland.pl\/#website\",\"url\":\"https:\/\/www.alfapoland.pl\/\",\"name\":\"Alfa Poland\",\"description\":\"\",\"potentialAction\":[{\"@type\":\"SearchAction\",\"target\":{\"@type\":\"EntryPoint\",\"urlTemplate\":\"https:\/\/www.alfapoland.pl\/?s={search_term_string}\"},\"query-input\":{\"@type\":\"PropertyValueSpecification\",\"valueRequired\":true,\"valueName\":\"search_term_string\"}}],\"inLanguage\":\"it-IT\"}]}<\/script>\n<!-- \/ Yoast SEO plugin. -->","yoast_head_json":{"title":"Clausola informativa GDPR - Alfa Poland","robots":{"index":"index","follow":"follow","max-snippet":"max-snippet:-1","max-image-preview":"max-image-preview:large","max-video-preview":"max-video-preview:-1"},"canonical":"https:\/\/www.alfapoland.pl\/it\/rodo\/","og_locale":"it_IT","og_type":"article","og_title":"Clausola informativa GDPR - Alfa Poland","og_description":"Sulla base del Regolamento (UE) 2016\/679 del Parlamento Europeo e del Consiglio del 27 aprile 2016 relativo alla protezione delle persone fisiche con riguardo al trattamento dei dati personal, nonche\u2019 alla libera circolazione d tali dati e che abroga la direttiva 95\/46\/CE (RODO), qualora i dati personali siano raccolti presso l\u2019interessato, Vi informiamo che: 1. [&hellip;]","og_url":"https:\/\/www.alfapoland.pl\/it\/rodo\/","og_site_name":"Alfa Poland","article_modified_time":"2020-07-18T09:49:03+00:00","twitter_card":"summary_large_image","twitter_misc":{"Tempo di lettura stimato":"2 minuti"},"schema":{"@context":"https:\/\/schema.org","@graph":[{"@type":"WebPage","@id":"https:\/\/www.alfapoland.pl\/it\/rodo\/","url":"https:\/\/www.alfapoland.pl\/it\/rodo\/","name":"Clausola informativa GDPR - Alfa Poland","isPartOf":{"@id":"https:\/\/www.alfapoland.pl\/#website"},"datePublished":"2020-07-03T08:36:54+00:00","dateModified":"2020-07-18T09:49:03+00:00","inLanguage":"it-IT","potentialAction":[{"@type":"ReadAction","target":["https:\/\/www.alfapoland.pl\/it\/rodo\/"]}]},{"@type":"WebSite","@id":"https:\/\/www.alfapoland.pl\/#website","url":"https:\/\/www.alfapoland.pl\/","name":"Alfa Poland","description":"","potentialAction":[{"@type":"SearchAction","target":{"@type":"EntryPoint","urlTemplate":"https:\/\/www.alfapoland.pl\/?s={search_term_string}"},"query-input":{"@type":"PropertyValueSpecification","valueRequired":true,"valueName":"search_term_string"}}],"inLanguage":"it-IT"}]}},"_links":{"self":[{"href":"https:\/\/www.alfapoland.pl\/it\/wp-json\/wp\/v2\/pages\/680","targetHints":{"allow":["GET"]}}],"collection":[{"href":"https:\/\/www.alfapoland.pl\/it\/wp-json\/wp\/v2\/pages"}],"about":[{"href":"https:\/\/www.alfapoland.pl\/it\/wp-json\/wp\/v2\/types\/page"}],"author":[{"embeddable":true,"href":"https:\/\/www.alfapoland.pl\/it\/wp-json\/wp\/v2\/users\/1"}],"replies":[{"embeddable":true,"href":"https:\/\/www.alfapoland.pl\/it\/wp-json\/wp\/v2\/comments?post=680"}],"version-history":[{"count":6,"href":"https:\/\/www.alfapoland.pl\/it\/wp-json\/wp\/v2\/pages\/680\/revisions"}],"predecessor-version":[{"id":781,"href":"https:\/\/www.alfapoland.pl\/it\/wp-json\/wp\/v2\/pages\/680\/revisions\/781"}],"wp:attachment":[{"href":"https:\/\/www.alfapoland.pl\/it\/wp-json\/wp\/v2\/media?parent=680"}],"curies":[{"name":"wp","href":"https:\/\/api.w.org\/{rel}","templated":true}]}}